{"id":2636,"date":"2025-03-05T22:26:57","date_gmt":"2025-03-05T22:26:57","guid":{"rendered":"https:\/\/shecoach-platform.eu\/curso\/"},"modified":"2025-08-01T11:27:28","modified_gmt":"2025-08-01T11:27:28","slug":"curso","status":"publish","type":"page","link":"https:\/\/shecoach-platform.eu\/es\/curso\/","title":{"rendered":"Curso"},"content":{"rendered":"\t\t<div data-elementor-type=\"wp-page\" data-elementor-id=\"2636\" class=\"elementor elementor-2636 elementor-99\">\n\t\t\t\t<div class=\"elementor-element elementor-element-f9613d3 e-flex e-con-boxed e-con e-parent\" data-id=\"f9613d3\" data-element_type=\"container\" data-e-type=\"container\">\n\t\t\t\t\t<div class=\"e-con-inner\">\n\t\t\t\t<div class=\"elementor-element elementor-element-343da02 elementor-widget elementor-widget-heading\" data-id=\"343da02\" data-element_type=\"widget\" data-e-type=\"widget\" data-widget_type=\"heading.default\">\n\t\t\t\t<div class=\"elementor-widget-container\">\n\t\t\t\t\t<h1 class=\"elementor-heading-title elementor-size-default\">\u00a1Gracias por tu inter\u00e9s en el Programa de Capacitaci\u00f3n en L\u00ednea SheCOACH!<\/h1>\t\t\t\t<\/div>\n\t\t\t\t<\/div>\n\t\t\t\t<div class=\"elementor-element elementor-element-4d4d7b0 elementor-widget elementor-widget-text-editor\" data-id=\"4d4d7b0\" data-element_type=\"widget\" data-e-type=\"widget\" data-widget_type=\"text-editor.default\">\n\t\t\t\t<div class=\"elementor-widget-container\">\n\t\t\t\t\t\t\t\t\t<p>La inscripci\u00f3n en la plataforma es gratuita. Una vez inscrita, podr\u00e1s inscribirte en el curso o cursos que elijas y estudiar a tu propio ritmo.<\/p><p>Puedes completar cualquiera de los cuatro cursos disponibles, o todos ellos, en el orden que m\u00e1s te convenga.<br \/>Para realizar un seguimiento de su progreso, aseg\u00farese de hacer clic en el bot\u00f3n \u00abMarcar como completado\u00bb situado en la esquina superior derecha de cada lecci\u00f3n. Esto le permitir\u00e1 continuar desde donde lo dej\u00f3 la pr\u00f3xima vez que inicie sesi\u00f3n.<\/p><p>En la p\u00e1gina de inicio de cada curso, encontrar\u00e1 las siguientes secciones:<\/p><ul><li>Informaci\u00f3n del curso: ofrece una descripci\u00f3n general e informaci\u00f3n clave sobre el curso.<\/li><li>Opiniones: muestra los comentarios y las evaluaciones de los participantes que han completado con \u00e9xito el curso.<\/li><li>Preguntas y respuestas: ofrece un espacio para que los participantes hagan preguntas y participen en debates. Complementa el foro de la plataforma de aprendizaje electr\u00f3nico.<\/li><li>Recursos: contiene un plan de lecciones indicativo, especialmente \u00fatil para los proveedores de formaci\u00f3n en coaching, dos actividades relacionadas con el contenido del curso y referencias y una bibliograf\u00eda para ampliar la lectura de cada curso.<\/li><\/ul><p>Para obtener un certificado por cada curso, es necesario completar con \u00e9xito el cuestionario final con una puntuaci\u00f3n del 70 % o superior. Las participantes que completen los cuatro cursos recibir\u00e1n el certificado completo del Programa de Desarrollo de Capacidades SheCOACH (consulte la lecci\u00f3n 5 para obtener m\u00e1s informaci\u00f3n). Este certificado confirma que los resultados del aprendizaje se ajustan a los est\u00e1ndares del Nivel 5 del Marco Europeo de Cualificaciones (MEC).<\/p>\t\t\t\t\t\t\t\t<\/div>\n\t\t\t\t<\/div>\n\t\t\t\t\t<\/div>\n\t\t\t\t<\/div>\n\t\t<div class=\"elementor-element elementor-element-70013e4 e-flex e-con-boxed e-con e-parent\" data-id=\"70013e4\" data-element_type=\"container\" data-e-type=\"container\">\n\t\t\t\t\t<div class=\"e-con-inner\">\n\t\t\t\t<div class=\"elementor-element elementor-element-11ceb2d elementor-widget elementor-widget-etlms-course-list tutor-addon etlms-course-list\" data-id=\"11ceb2d\" data-element_type=\"widget\" data-e-type=\"widget\" data-widget_type=\"etlms-course-list.default\">\n\t\t\t\t<div class=\"elementor-widget-container\">\n\t\t\t\t\t<div class=\"tutor-wrap tutor-courses-wrap tutor-container etlms-course-list-main-wrap\">\n\t\t\t\t\t<div class=\"etlms-course-list-loop-wrap tutor-course-list tutor-grid tutor-grid-2\">\n\t\t\t\t\t\t\t<div class=\"etlms-course-list-col\">\n\t\t\t\t\t<div class=\"tutor-card tutor-course-card tutor-loop-course-container etlms-course-card-classic   etlms-has-hover-animation\">\n            <div class=\"tutor-course-thumbnail\">\n        <a href=\"https:\/\/shecoach-platform.eu\/es\/course\/1-legislacion-sobre-igualdad-de-genero-en-el-deporte\/\" class=\"tutor-d-block\" target=\"_blank\">\n            <div class=\"tutor-ratio tutor-ratio-16x9\">\n                <img decoding=\"async\" class=\"tutor-card-image-top\" src=\"https:\/\/shecoach-platform.eu\/wp-content\/uploads\/2025\/06\/Course-1-ES-768x432.jpg\" alt=\"1 \u2014 Legislaci\u00f3n sobre igualdad de g\u00e9nero en el deporte\" loading=\"lazy\">\n            <\/div>\n        <\/a>\n    <\/div>\n<div class=\"tutor-course-bookmark\">\n    <span class=\"cart-required-login save-bookmark-btn tutor-iconic-btn tutor-iconic-btn-secondary\" data-course-id=\"4124\" role=\"button\">\n            <i class=\"tutor-icon-bookmark-line\"><\/i>\n        <\/span><\/div>\n\t<span class=\"tutor-course-difficulty-level\">\n        Todos los niveles    <\/span>\n\n    <div class=\"tutor-card-body\">\n        <div class=\"tutor-course-ratings tutor-mb-8\">\n    <div class=\"tutor-ratings\">\n        <div class=\"tutor-ratings-stars\">\n            <span class=\"tutor-icon-star-line\" data-rating-value=\"1\"><\/span><span class=\"tutor-icon-star-line\" data-rating-value=\"2\"><\/span><span class=\"tutor-icon-star-line\" data-rating-value=\"3\"><\/span><span class=\"tutor-icon-star-line\" data-rating-value=\"4\"><\/span><span class=\"tutor-icon-star-line\" data-rating-value=\"5\"><\/span>        <\/div>\n\n            <\/div>\n<\/div>\n<h3 class=\"tutor-course-name tutor-fs-5 tutor-fw-medium tutor-mb-12\" title=\"1 \u2014 Legislaci\u00f3n sobre igualdad de g\u00e9nero en el deporte\">\n    <a href=\"https:\/\/shecoach-platform.eu\/es\/course\/1-legislacion-sobre-igualdad-de-genero-en-el-deporte\/\" target=\"_blank\">1 \u2014 Legislaci\u00f3n sobre igualdad de g\u00e9nero en el deporte<\/a>\n<\/h3>\n    <\/div>\n\n    <div class=\"tutor-card-footer\">\n\t<div class=\"tutor-course-list-btn\"><a href=\"https:\/\/shecoach-platform.eu\/es\/course\/1-legislacion-sobre-igualdad-de-genero-en-el-deporte\/\" class=\"tutor-btn tutor-btn-outline-primary tutor-btn-md tutor-btn-block tutor-open-login-modal \" data-course-id=\"4124\" target=\"_blank\">Inscripci\u00f3n en el curso<\/a><\/div><\/div>\n<\/div>\t\t\t\t<\/div>\n\t\t\t\t\t\t\t<div class=\"etlms-course-list-col\">\n\t\t\t\t\t<div class=\"tutor-card tutor-course-card tutor-loop-course-container etlms-course-card-classic   etlms-has-hover-animation\">\n            <div class=\"tutor-course-thumbnail\">\n        <a href=\"https:\/\/shecoach-platform.eu\/es\/course\/2-mujeres-en-puestos-de-liderazgo-en-el-deporte\/\" class=\"tutor-d-block\" target=\"_blank\">\n            <div class=\"tutor-ratio tutor-ratio-16x9\">\n                <img decoding=\"async\" class=\"tutor-card-image-top\" src=\"https:\/\/shecoach-platform.eu\/wp-content\/uploads\/2025\/03\/course-2-2-768x432.jpg\" alt=\"2 \u2014 Mujeres en puestos de liderazgo en el deporte\" loading=\"lazy\">\n            <\/div>\n        <\/a>\n    <\/div>\n<div class=\"tutor-course-bookmark\">\n    <span class=\"cart-required-login save-bookmark-btn tutor-iconic-btn tutor-iconic-btn-secondary\" data-course-id=\"4188\" role=\"button\">\n            <i class=\"tutor-icon-bookmark-line\"><\/i>\n        <\/span><\/div>\n\t<span class=\"tutor-course-difficulty-level\">\n        Todos los niveles    <\/span>\n\n    <div class=\"tutor-card-body\">\n        <div class=\"tutor-course-ratings tutor-mb-8\">\n    <div class=\"tutor-ratings\">\n        <div class=\"tutor-ratings-stars\">\n            <span class=\"tutor-icon-star-line\" data-rating-value=\"1\"><\/span><span class=\"tutor-icon-star-line\" data-rating-value=\"2\"><\/span><span class=\"tutor-icon-star-line\" data-rating-value=\"3\"><\/span><span class=\"tutor-icon-star-line\" data-rating-value=\"4\"><\/span><span class=\"tutor-icon-star-line\" data-rating-value=\"5\"><\/span>        <\/div>\n\n            <\/div>\n<\/div>\n<h3 class=\"tutor-course-name tutor-fs-5 tutor-fw-medium tutor-mb-12\" title=\"2 \u2014 Mujeres en puestos de liderazgo en el deporte\">\n    <a href=\"https:\/\/shecoach-platform.eu\/es\/course\/2-mujeres-en-puestos-de-liderazgo-en-el-deporte\/\" target=\"_blank\">2 \u2014 Mujeres en puestos de liderazgo en el deporte<\/a>\n<\/h3>\n    <\/div>\n\n    <div class=\"tutor-card-footer\">\n\t<div class=\"tutor-course-list-btn\"><a href=\"https:\/\/shecoach-platform.eu\/es\/course\/2-mujeres-en-puestos-de-liderazgo-en-el-deporte\/\" class=\"tutor-btn tutor-btn-outline-primary tutor-btn-md tutor-btn-block tutor-open-login-modal \" data-course-id=\"4188\" target=\"_blank\">Inscripci\u00f3n en el curso<\/a><\/div><\/div>\n<\/div>\t\t\t\t<\/div>\n\t\t\t\t\t\t\t<div class=\"etlms-course-list-col\">\n\t\t\t\t\t<div class=\"tutor-card tutor-course-card tutor-loop-course-container etlms-course-card-classic   etlms-has-hover-animation\">\n            <div class=\"tutor-course-thumbnail\">\n        <a href=\"https:\/\/shecoach-platform.eu\/es\/course\/3-el-poder-del-lenguaje-inclusivo-en-los-entornos-deportivos\/\" class=\"tutor-d-block\" target=\"_blank\">\n            <div class=\"tutor-ratio tutor-ratio-16x9\">\n                <img decoding=\"async\" class=\"tutor-card-image-top\" src=\"https:\/\/shecoach-platform.eu\/wp-content\/uploads\/2025\/06\/Course-3-ES-768x432.jpg\" alt=\"3 \u2014 El poder del lenguaje inclusivo en los entornos deportivos\" loading=\"lazy\">\n            <\/div>\n        <\/a>\n    <\/div>\n<div class=\"tutor-course-bookmark\">\n    <span class=\"cart-required-login save-bookmark-btn tutor-iconic-btn tutor-iconic-btn-secondary\" data-course-id=\"4266\" role=\"button\">\n            <i class=\"tutor-icon-bookmark-line\"><\/i>\n        <\/span><\/div>\n\t<span class=\"tutor-course-difficulty-level\">\n        Todos los niveles    <\/span>\n\n    <div class=\"tutor-card-body\">\n        <div class=\"tutor-course-ratings tutor-mb-8\">\n    <div class=\"tutor-ratings\">\n        <div class=\"tutor-ratings-stars\">\n            <span class=\"tutor-icon-star-line\" data-rating-value=\"1\"><\/span><span class=\"tutor-icon-star-line\" data-rating-value=\"2\"><\/span><span class=\"tutor-icon-star-line\" data-rating-value=\"3\"><\/span><span class=\"tutor-icon-star-line\" data-rating-value=\"4\"><\/span><span class=\"tutor-icon-star-line\" data-rating-value=\"5\"><\/span>        <\/div>\n\n            <\/div>\n<\/div>\n<h3 class=\"tutor-course-name tutor-fs-5 tutor-fw-medium tutor-mb-12\" title=\"3 \u2014 El poder del lenguaje inclusivo en los entornos deportivos\">\n    <a href=\"https:\/\/shecoach-platform.eu\/es\/course\/3-el-poder-del-lenguaje-inclusivo-en-los-entornos-deportivos\/\" target=\"_blank\">3 \u2014 El poder del lenguaje inclusivo en los entornos deportivos<\/a>\n<\/h3>\n    <\/div>\n\n    <div class=\"tutor-card-footer\">\n\t<div class=\"tutor-course-list-btn\"><a href=\"https:\/\/shecoach-platform.eu\/es\/course\/3-el-poder-del-lenguaje-inclusivo-en-los-entornos-deportivos\/\" class=\"tutor-btn tutor-btn-outline-primary tutor-btn-md tutor-btn-block tutor-open-login-modal \" data-course-id=\"4266\" target=\"_blank\">Inscripci\u00f3n en el curso<\/a><\/div><\/div>\n<\/div>\t\t\t\t<\/div>\n\t\t\t\t\t\t\t<div class=\"etlms-course-list-col\">\n\t\t\t\t\t<div class=\"tutor-card tutor-course-card tutor-loop-course-container etlms-course-card-classic   etlms-has-hover-animation\">\n            <div class=\"tutor-course-thumbnail\">\n        <a href=\"https:\/\/shecoach-platform.eu\/es\/course\/4-discriminacion-de-genero-y-acoso-sexual-en-el-deporte\/\" class=\"tutor-d-block\" target=\"_blank\">\n            <div class=\"tutor-ratio tutor-ratio-16x9\">\n                <img decoding=\"async\" class=\"tutor-card-image-top\" src=\"https:\/\/shecoach-platform.eu\/wp-content\/uploads\/2025\/06\/Course-4-ES-768x432.jpg\" alt=\"4 \u2014 Discriminaci\u00f3n de g\u00e9nero y acoso sexual en el deporte\" loading=\"lazy\">\n            <\/div>\n        <\/a>\n    <\/div>\n<div class=\"tutor-course-bookmark\">\n    <span class=\"cart-required-login save-bookmark-btn tutor-iconic-btn tutor-iconic-btn-secondary\" data-course-id=\"4357\" role=\"button\">\n            <i class=\"tutor-icon-bookmark-line\"><\/i>\n        <\/span><\/div>\n\t<span class=\"tutor-course-difficulty-level\">\n        Todos los niveles    <\/span>\n\n    <div class=\"tutor-card-body\">\n        <div class=\"tutor-course-ratings tutor-mb-8\">\n    <div class=\"tutor-ratings\">\n        <div class=\"tutor-ratings-stars\">\n            <span class=\"tutor-icon-star-line\" data-rating-value=\"1\"><\/span><span class=\"tutor-icon-star-line\" data-rating-value=\"2\"><\/span><span class=\"tutor-icon-star-line\" data-rating-value=\"3\"><\/span><span class=\"tutor-icon-star-line\" data-rating-value=\"4\"><\/span><span class=\"tutor-icon-star-line\" data-rating-value=\"5\"><\/span>        <\/div>\n\n            <\/div>\n<\/div>\n<h3 class=\"tutor-course-name tutor-fs-5 tutor-fw-medium tutor-mb-12\" title=\"4 \u2014 Discriminaci\u00f3n de g\u00e9nero y acoso sexual en el deporte\">\n    <a href=\"https:\/\/shecoach-platform.eu\/es\/course\/4-discriminacion-de-genero-y-acoso-sexual-en-el-deporte\/\" target=\"_blank\">4 \u2014 Discriminaci\u00f3n de g\u00e9nero y acoso sexual en el deporte<\/a>\n<\/h3>\n    <\/div>\n\n    <div class=\"tutor-card-footer\">\n\t<div class=\"tutor-course-list-btn\"><a href=\"https:\/\/shecoach-platform.eu\/es\/course\/4-discriminacion-de-genero-y-acoso-sexual-en-el-deporte\/\" class=\"tutor-btn tutor-btn-outline-primary tutor-btn-md tutor-btn-block tutor-open-login-modal \" data-course-id=\"4357\" target=\"_blank\">Inscripci\u00f3n en el curso<\/a><\/div><\/div>\n<\/div>\t\t\t\t<\/div>\n\t\t\t\t\t\t\t<div class=\"etlms-course-list-col\">\n\t\t\t\t\t<div class=\"tutor-card tutor-course-card tutor-loop-course-container etlms-course-card-classic   etlms-has-hover-animation\">\n            <div class=\"tutor-course-thumbnail\">\n        <a href=\"https:\/\/shecoach-platform.eu\/es\/course\/5-certificado-final\/\" class=\"tutor-d-block\" target=\"_blank\">\n            <div class=\"tutor-ratio tutor-ratio-16x9\">\n                <img decoding=\"async\" class=\"tutor-card-image-top\" src=\"https:\/\/shecoach-platform.eu\/wp-content\/uploads\/2025\/06\/Course-5-ES-768x436.jpg\" alt=\"5 \u2014 Certificado Final\" loading=\"lazy\">\n            <\/div>\n        <\/a>\n    <\/div>\n<div class=\"tutor-course-bookmark\">\n    <span class=\"cart-required-login save-bookmark-btn tutor-iconic-btn tutor-iconic-btn-secondary\" data-course-id=\"4436\" role=\"button\">\n            <i class=\"tutor-icon-bookmark-line\"><\/i>\n        <\/span><\/div>\n\t<span class=\"tutor-course-difficulty-level\">\n        Todos los niveles    <\/span>\n\n    <div class=\"tutor-card-body\">\n        <div class=\"tutor-course-ratings tutor-mb-8\">\n    <div class=\"tutor-ratings\">\n        <div class=\"tutor-ratings-stars\">\n            <span class=\"tutor-icon-star-line\" data-rating-value=\"1\"><\/span><span class=\"tutor-icon-star-line\" data-rating-value=\"2\"><\/span><span class=\"tutor-icon-star-line\" data-rating-value=\"3\"><\/span><span class=\"tutor-icon-star-line\" data-rating-value=\"4\"><\/span><span class=\"tutor-icon-star-line\" data-rating-value=\"5\"><\/span>        <\/div>\n\n            <\/div>\n<\/div>\n<h3 class=\"tutor-course-name tutor-fs-5 tutor-fw-medium tutor-mb-12\" title=\"5 \u2014 Certificado Final\">\n    <a href=\"https:\/\/shecoach-platform.eu\/es\/course\/5-certificado-final\/\" target=\"_blank\">5 \u2014 Certificado Final<\/a>\n<\/h3>\n    <\/div>\n\n    <div class=\"tutor-card-footer\">\n\t<div class=\"tutor-course-list-btn\"><a href=\"https:\/\/shecoach-platform.eu\/es\/course\/5-certificado-final\/\" class=\"tutor-btn tutor-btn-outline-primary tutor-btn-md tutor-btn-block tutor-open-login-modal \" data-course-id=\"4436\" target=\"_blank\">Inscripci\u00f3n en el curso<\/a><\/div><\/div>\n<\/div>\t\t\t\t<\/div>\n\t\t\t\t\t\t\t<div class=\"etlms-course-list-col\">\n\t\t\t\t\t<div class=\"tutor-card tutor-course-card tutor-loop-course-container etlms-course-card-classic   etlms-has-hover-animation\">\n            <div class=\"tutor-course-thumbnail\">\n        <a href=\"https:\/\/shecoach-platform.eu\/es\/course\/6-marco-para-la-integracion-de-la-perspectiva-de-genero-en-la-formacion-de-entrenadores\/\" class=\"tutor-d-block\" target=\"_blank\">\n            <div class=\"tutor-ratio tutor-ratio-16x9\">\n                <img decoding=\"async\" class=\"tutor-card-image-top\" src=\"https:\/\/shecoach-platform.eu\/wp-content\/uploads\/2025\/07\/Course-6-ES-768x435.jpg\" alt=\"6 \u2014 Marco para la integraci\u00f3n de la perspectiva de g\u00e9nero en la formaci\u00f3n de entrenadores\" loading=\"lazy\">\n            <\/div>\n        <\/a>\n    <\/div>\n<div class=\"tutor-course-bookmark\">\n    <span class=\"cart-required-login save-bookmark-btn tutor-iconic-btn tutor-iconic-btn-secondary\" data-course-id=\"6564\" role=\"button\">\n            <i class=\"tutor-icon-bookmark-line\"><\/i>\n        <\/span><\/div>\n\t<span class=\"tutor-course-difficulty-level\">\n        Todos los niveles    <\/span>\n\n    <div class=\"tutor-card-body\">\n        <div class=\"tutor-course-ratings tutor-mb-8\">\n    <div class=\"tutor-ratings\">\n        <div class=\"tutor-ratings-stars\">\n            <span class=\"tutor-icon-star-line\" data-rating-value=\"1\"><\/span><span class=\"tutor-icon-star-line\" data-rating-value=\"2\"><\/span><span class=\"tutor-icon-star-line\" data-rating-value=\"3\"><\/span><span class=\"tutor-icon-star-line\" data-rating-value=\"4\"><\/span><span class=\"tutor-icon-star-line\" data-rating-value=\"5\"><\/span>        <\/div>\n\n            <\/div>\n<\/div>\n<h3 class=\"tutor-course-name tutor-fs-5 tutor-fw-medium tutor-mb-12\" title=\"6 \u2014 Marco para la integraci\u00f3n de la perspectiva de g\u00e9nero en la formaci\u00f3n de entrenadores\">\n    <a href=\"https:\/\/shecoach-platform.eu\/es\/course\/6-marco-para-la-integracion-de-la-perspectiva-de-genero-en-la-formacion-de-entrenadores\/\" target=\"_blank\">6 \u2014 Marco para la integraci\u00f3n de la perspectiva de g\u00e9nero en la formaci\u00f3n de entrenadores<\/a>\n<\/h3>\n    <\/div>\n\n    <div class=\"tutor-card-footer\">\n\t\t\n<div class=\"list-item-button\">\n\t<a \thref=\"https:\/\/shecoach-platform.eu\/es\/course\/6-marco-para-la-integracion-de-la-perspectiva-de-genero-en-la-formacion-de-entrenadores\/lesson\/proposito-y-objetivos-del-marco-para-la-integracion-de-la-perspectiva-de-genero-en-la-formacion-de-entrenadores\/\" \n\t\tclass=\"tutor-btn tutor-btn-outline-primary tutor-btn-md tutor-btn-block \" \n\t\tdata-course_id=\"6564\">\n\t\tEmpezar el aprendizaje\t<\/a>\n\t<\/div>\n<\/div>\n<\/div>\t\t\t\t<\/div>\n\t\t\t\t\t<\/div>\n\n\t\t\t\t<\/div>\n<div class=\"tutor-modal tutor-login-modal\" role=\"dialog\" aria-modal=\"true\" aria-labelledby=\"tutor-login-modal-title\" aria-hidden=\"true\">\n\t<div class=\"tutor-modal-overlay\"><\/div>\n\t<div class=\"tutor-modal-window tutor-modal-window-sm\">\n\t\t<div class=\"tutor-modal-content tutor-modal-content-white\">\n\t\t\t<button class=\"tutor-iconic-btn tutor-modal-close-o\" data-tutor-modal-close aria-label=\"Close login dialog\">\n\t\t\t\t<span class=\"tutor-icon-times\" aria-hidden=\"true\"><\/span>\n\t\t\t<\/button>\n\n\t\t\t<div class=\"tutor-modal-body\">\n\t\t\t\t<div class=\"tutor-py-48\">\n\t\t\t\t\t\t\t\t\t\t<div id=\"tutor-login-modal-title\" class=\"tutor-fs-4 tutor-fw-medium tutor-color-black tutor-mb-32\">\u00a1Hola, bienvenido de nuevo!<\/div>\n\t\t\t\t\t<form id=\"tutor-login-form\" method=\"post\">\n\t\t<input type=\"hidden\" id=\"_tutor_nonce\" name=\"_tutor_nonce\" value=\"65d41ea28f\" \/><input type=\"hidden\" name=\"_wp_http_referer\" value=\"\/es\/wp-json\/wp\/v2\/pages\/2636\" \/>\t<input type=\"hidden\" name=\"tutor_action\" value=\"tutor_user_login\" \/>\n\t<input type=\"hidden\" name=\"redirect_to\" value=\"https:\/\/shecoach-platform.eu\/es\/wp-json\/wp\/v2\/pages\/2636\" \/>\n\n\t<div class=\"tutor-mb-20\">\n\t\t<input type=\"text\" class=\"tutor-form-control\" placeholder=\"Nombre de usuario o correo electr\u00f3nico\" name=\"log\" value=\"\" size=\"20\" required\/>\n\t<\/div>\n\n\t<div class=\"tutor-mb-32\">\n\t\t<input type=\"password\" class=\"tutor-form-control\" placeholder=\"Contrase\u00f1a\" name=\"pwd\" value=\"\" size=\"20\" required\/>\n\t<\/div>\n\n\t<div class=\"tutor-login-error\" role=\"alert\" aria-live=\"polite\"><\/div>\n\t\t\t<input type=\"hidden\" name=\"timezone\" value=\"+00:00\" \/>\n\t\t<script>\n\t\t\tdocument.addEventListener('DOMContentLoaded', function() {\n\t\t\t\tconst timezone = document.querySelector('input[name=\"timezone\"]');\n\t\t\t\tif ( timezone) {\n\t\t\t\t\tconst tz = Intl.DateTimeFormat().resolvedOptions().timeZone;\n\t\t\t\t\ttimezone.value = tz\n\t\t\t\t}\n\t\t\t});\n\t\t<\/script>\n\t\t\t<div class=\"tutor-d-flex tutor-justify-between tutor-align-center tutor-mb-40\">\n\t\t<div class=\"tutor-form-check\">\n\t\t\t<input id=\"tutor-login-agmnt-1\" type=\"checkbox\" class=\"tutor-form-check-input tutor-bg-black-40\" name=\"rememberme\" value=\"forever\" \/>\n\t\t\t<label for=\"tutor-login-agmnt-1\" class=\"tutor-fs-7 tutor-color-muted\">\n\t\t\t\tMantenerme conectado\t\t\t<\/label>\n\t\t<\/div>\n\t\t<a href=\"https:\/\/shecoach-platform.eu\/dashboard\/retrieve-password\" class=\"tutor-btn tutor-btn-ghost\" target=\"_blank\">\n\t\t\t\u00bfOlvidaste la contrase\u00f1a?\t\t<\/a>\n\t<\/div>\n\n\t\t<button type=\"submit\" class=\"tutor-btn tutor-btn-primary tutor-btn-block\">\n\t\tAcceder\t<\/button>\n\n\t\t\t\t\t<div class=\"tutor-text-center tutor-fs-6 tutor-color-secondary tutor-mt-20\">\n\t\t\t\u00bfNo tienes una cuenta?&nbsp;\n\t\t\t<a href=\"https:\/\/shecoach-platform.eu\/student-registration\/?redirect_to=https:\/\/shecoach-platform.eu\/es\/wp-json\/wp\/v2\/pages\/2636\" class=\"tutor-btn tutor-btn-link\" target=\"_blank\">\n\t\t\t\tReg\u00edstrate ahora\t\t\t<\/a>\n\t\t<\/div>\n\t\t<\/form>\n<script>\n\tdocument.addEventListener('DOMContentLoaded', function() {\n\t\tvar loginModal = document.querySelector('.tutor-modal.tutor-login-modal');\n\t\tvar errors = [];\n\t\tif (loginModal && errors.length) {\n\t\t\tloginModal.classList.add('tutor-is-active');\n\t\t}\n\t});\n<\/script>\n\n\t\t\t\t\t\t\t\t\t<\/div>\n\t\t\t\t\t\t<style>\n\t\t\t#tutor-pro-twitter-login {\n\t\t\t\twidth: 400px; background-color: #00acee; border-color: #00acee; font-weight: bold;\n\t\t\t}\n\t\t<\/style>\n\t\t<div id=\"tutor-pro-social-authentication\" class=\"tutor-pt-24 tutor-d-flex tutor-flex-column tutor-align-center tutor-border-top-light\" style=\"gap: 10px;\">\n\t\t\t\t\t<\/div>\n\t\t\t\t\t<\/div>\n\t\t<\/div>\n\t<\/div>\n<\/div>\n\t\t\t\t<\/div>\n\t\t\t\t<\/div>\n\t\t\t\t\t<\/div>\n\t\t\t\t<\/div>\n\t\t\t\t<\/div>\n\t\t","protected":false},"excerpt":{"rendered":"<p>\u00a1Gracias por tu inter\u00e9s en el Programa de Capacitaci\u00f3n en L\u00ednea SheCOACH! La inscripci\u00f3n en la plataforma es gratuita. Una [&hellip;]<\/p>\n","protected":false},"author":17,"featured_media":0,"parent":0,"menu_order":0,"comment_status":"closed","ping_status":"closed","template":"","meta":{"_bbp_topic_count":0,"_bbp_reply_count":0,"_bbp_total_topic_count":0,"_bbp_total_reply_count":0,"_bbp_voice_count":0,"_bbp_anonymous_reply_count":0,"_bbp_topic_count_hidden":0,"_bbp_reply_count_hidden":0,"_bbp_forum_subforum_count":0,"site-sidebar-layout":"default","site-content-layout":"","ast-site-content-layout":"default","site-content-style":"default","site-sidebar-style":"default","ast-global-header-display":"","ast-banner-title-visibility":"","ast-main-header-display":"","ast-hfb-above-header-display":"","ast-hfb-below-header-display":"","ast-hfb-mobile-header-display":"","site-post-title":"","ast-breadcrumbs-content":"","ast-featured-img":"","footer-sml-layout":"","theme-transparent-header-meta":"","adv-header-id-meta":"","stick-header-meta":"","header-above-stick-meta":"","header-main-stick-meta":"","header-below-stick-meta":"","astra-migrate-meta-layouts":"default","ast-page-background-enabled":"default","ast-page-background-meta":{"desktop":{"background-color":"var(--ast-global-color-5)","background-image":"","background-repeat":"repeat","background-position":"center center","background-size":"auto","background-attachment":"scroll","background-type":"","background-media":"","overlay-type":"","overlay-color":"","overlay-opacity":"","overlay-gradient":""},"tablet":{"background-color":"","background-image":"","background-repeat":"repeat","background-position":"center center","background-size":"auto","background-attachment":"scroll","background-type":"","background-media":"","overlay-type":"","overlay-color":"","overlay-opacity":"","overlay-gradient":""},"mobile":{"background-color":"","background-image":"","background-repeat":"repeat","background-position":"center center","background-size":"auto","background-attachment":"scroll","background-type":"","background-media":"","overlay-type":"","overlay-color":"","overlay-opacity":"","overlay-gradient":""}},"ast-content-background-meta":{"desktop":{"background-color":"var(--ast-global-color-4)","background-image":"","background-repeat":"repeat","background-position":"center center","background-size":"auto","background-attachment":"scroll","background-type":"","background-media":"","overlay-type":"","overlay-color":"","overlay-opacity":"","overlay-gradient":""},"tablet":{"background-color":"var(--ast-global-color-4)","background-image":"","background-repeat":"repeat","background-position":"center center","background-size":"auto","background-attachment":"scroll","background-type":"","background-media":"","overlay-type":"","overlay-color":"","overlay-opacity":"","overlay-gradient":""},"mobile":{"background-color":"var(--ast-global-color-4)","background-image":"","background-repeat":"repeat","background-position":"center center","background-size":"auto","background-attachment":"scroll","background-type":"","background-media":"","overlay-type":"","overlay-color":"","overlay-opacity":"","overlay-gradient":""}},"footnotes":""},"class_list":["post-2636","page","type-page","status-publish","hentry"],"_links":{"self":[{"href":"https:\/\/shecoach-platform.eu\/es\/wp-json\/wp\/v2\/pages\/2636","targetHints":{"allow":["GET"]}}],"collection":[{"href":"https:\/\/shecoach-platform.eu\/es\/wp-json\/wp\/v2\/pages"}],"about":[{"href":"https:\/\/shecoach-platform.eu\/es\/wp-json\/wp\/v2\/types\/page"}],"author":[{"embeddable":true,"href":"https:\/\/shecoach-platform.eu\/es\/wp-json\/wp\/v2\/users\/17"}],"replies":[{"embeddable":true,"href":"https:\/\/shecoach-platform.eu\/es\/wp-json\/wp\/v2\/comments?post=2636"}],"version-history":[{"count":17,"href":"https:\/\/shecoach-platform.eu\/es\/wp-json\/wp\/v2\/pages\/2636\/revisions"}],"predecessor-version":[{"id":6549,"href":"https:\/\/shecoach-platform.eu\/es\/wp-json\/wp\/v2\/pages\/2636\/revisions\/6549"}],"wp:attachment":[{"href":"https:\/\/shecoach-platform.eu\/es\/wp-json\/wp\/v2\/media?parent=2636"}],"curies":[{"name":"wp","href":"https:\/\/api.w.org\/{rel}","templated":true}]}}